{"id":3,"date":"2024-09-03T07:39:07","date_gmt":"2024-09-03T07:39:07","guid":{"rendered":"http:\/\/wpl.e3d.mytemp.website\/?page_id=3"},"modified":"2024-10-24T18:56:46","modified_gmt":"2024-10-24T18:56:46","slug":"privacy-policy","status":"publish","type":"page","link":"https:\/\/acemeafrica.com\/fr\/privacy-policy\/","title":{"rendered":"Politique de confidentialit\u00e9"},"content":{"rendered":"<div class=\"wpb-content-wrapper\"><div class=\"vc_row wpb_row vc_row-fluid vc_custom_1729796202096 wpex-vc-full-width-row wpex-vc-full-width-row--centered wpex-relative wpex-vc_row-has-fill wpex-vc-reset-negative-margin\"><div class=\"wpb_column vc_column_container vc_col-sm-12\"><div class=\"vc_column-inner\"><div class=\"wpb_wrapper\"><style>.vcex-heading.vcex_69e087298dde6{color:var(--wpex-on-accent);font-size:32px;font-weight:700;}@media (max-width:479px){.vcex-heading.vcex_69e087298dde6{font-size:24px;}}<\/style><div class=\"vcex-heading vcex-heading-plain vcex-module wpex-heading wpex-text-2xl wpex-div wpex-text-center vcex_69e087298dde6\"><span class=\"vcex-heading-inner wpex-inline-block\">Politique de confidentialit\u00e9<\/span><\/div><\/div><\/div><\/div><\/div><div class=\"vc_row wpb_row vc_row-fluid vc_custom_1729796061406 wpex-relative\"><div class=\"wpb_column vc_column_container vc_col-sm-12\"><div class=\"vc_column-inner\"><div class=\"wpb_wrapper\">\n\t<div style=\"color:var(--wpex-accent);\" class=\"wpb_text_column has-custom-color wpex-child-inherit-color wpb_content_element\" >\n\t\t<div class=\"wpb_wrapper\">\n\t\t\t<p>ACEME Africa s'engage \u00e0 prot\u00e9ger votre vie priv\u00e9e. La pr\u00e9sente politique de confidentialit\u00e9 d\u00e9crit les types d'informations personnelles que nous recueillons, la mani\u00e8re dont nous les utilisons et les mesures que nous prenons pour prot\u00e9ger vos informations.<\/p>\n<h2 class=\"wp-block-heading\"><strong>1. Les informations que nous recueillons<\/strong><\/h2>\n<p>Nous pouvons recueillir des informations personnelles de diverses mani\u00e8res, notamment lorsque vous visitez notre site web, remplissez des formulaires ou interagissez avec nous par le biais de nos services. Les types d'informations que nous recueillons peuvent \u00eatre les suivants<\/p>\n<ul>\n<li>le nom<\/li>\n<li>l'adresse \u00e9lectronique<\/li>\n<li>votre num\u00e9ro de t\u00e9l\u00e9phone<\/li>\n<li>Tout autre d\u00e9tail que vous fournissez par le biais de nos formulaires de contact ou de nos demandes de renseignements.<\/li>\n<\/ul>\n<h2><strong>2. Utilisation des informations<\/strong><\/h2>\n<p>Nous utilisons les informations que nous recueillons pour:<\/p>\n<ul>\n<li>R\u00e9pondre \u00e0 vos demandes et fournir une assistance \u00e0 la client\u00e8le.<\/li>\n<li>Am\u00e9liorer notre site web et nos services.<\/li>\n<li>Vous envoyer des mises \u00e0 jour, des bulletins d'information ou des documents promotionnels (vous pouvez vous d\u00e9sabonner \u00e0 tout moment).<\/li>\n<li>Assurer la s\u00e9curit\u00e9 et l'int\u00e9grit\u00e9 de notre site web.<\/li>\n<\/ul>\n<h2><strong>3. S\u00e9curit\u00e9 des donn\u00e9es<\/strong><\/h2>\n<p>Nous prenons des mesures appropri\u00e9es pour prot\u00e9ger vos informations personnelles contre tout acc\u00e8s, modification ou divulgation non autoris\u00e9s. Toutefois, veuillez noter qu'aucune m\u00e9thode de transmission ou de stockage des donn\u00e9es n'est totalement s\u00fbre.<\/p>\n<h2><strong>4. Services de tiers<\/strong><\/h2>\n<p>Nous pouvons utiliser des services tiers, tels que des outils d'analyse ou des processeurs de paiement, qui peuvent collecter, stocker ou traiter vos donn\u00e9es. Ces services ont leurs propres politiques de confidentialit\u00e9 et nous vous encourageons \u00e0 les consulter.<\/p>\n<h2><strong>5. Cookies<\/strong><\/h2>\n<p>Notre site web peut utiliser des cookies pour am\u00e9liorer l'exp\u00e9rience de l'utilisateur. Les cookies sont de petits fichiers stock\u00e9s sur votre appareil qui nous aident \u00e0 analyser le trafic et \u00e0 am\u00e9liorer nos services. Vous pouvez choisir de d\u00e9sactiver les cookies par le biais des param\u00e8tres de votre navigateur.<\/p>\n<h2><strong>6. Vos droits<\/strong><\/h2>\n<p>Vous avez le droit d'acc\u00e9der \u00e0 vos informations personnelles, de les modifier ou de les supprimer \u00e0 tout moment. Pour exercer ces droits, veuillez nous contacter \u00e0 l'adresse suivante: <span lang=\"FR\"><a title=\"mailto:kadisanogo@icermali.org\" contenteditable=\"false\" href=\"mailto:kadisanogo@icermali.org\"><span lang=\"EN-GB\">kadisanogo@icermali.org<\/span><\/a><\/span><\/p>\n<h2><strong>7. Modifications de la pr\u00e9sente politique<\/strong><\/h2>\n<p>Nous pouvons mettre \u00e0 jour cette politique de confidentialit\u00e9 p\u00e9riodiquement pour refl\u00e9ter les changements dans nos pratiques ou les exigences l\u00e9gales. La derni\u00e8re version sera toujours disponible sur notre site web.<\/p>\n<h2><strong>Contact<\/strong><\/h2>\n<p>Si vous avez des questions ou des pr\u00e9occupations concernant la pr\u00e9sente politique de confidentialit\u00e9, veuillez nous contacter \u00e0 l'adresse suivante: <span lang=\"FR\"><a title=\"mailto:kadisanogo@icermali.org\" contenteditable=\"false\" href=\"mailto:kadisanogo@icermali.org\"><span lang=\"EN-GB\">kadisanogo@icermali.org<\/span><\/a><\/span><\/p>\n\n\t\t<\/div>\n\t<\/div>\n<div class=\"vcex-module vcex-divider vcex-divider-solid vcex-divider-center wpex-mx-auto wpex-block wpex-h-0 wpex-border-b wpex-border-solid wpex-border-main\" style=\"margin-block-start:100px;border-color:var(--wpex-accent);\"><\/div><\/div><\/div><\/div><\/div>\n<\/div>","protected":false},"excerpt":{"rendered":"Privacy Policy At ACEME Africa, we are committed to protecting your privacy. This Privacy Policy outlines the types of personal information we collect, how we use it, and the steps we take to safeguard your information. 1. Information We Collect We may collect personal information from you in various ways, including when you visit our&hellip;","protected":false},"author":1,"featured_media":0,"parent":0,"menu_order":0,"comment_status":"closed","ping_status":"open","template":"","meta":{"inline_featured_image":false,"footnotes":""},"class_list":["post-3","page","type-page","status-publish","hentry","entry","no-media"],"yoast_head":"<!-- This site is optimized with the Yoast SEO plugin v27.4 - https:\/\/yoast.com\/product\/yoast-seo-wordpress\/ -->\n<title>Privacy Policy - ACEME<\/title>\n<meta name=\"robots\" content=\"index, follow, max-snippet:-1, max-image-preview:large, max-video-preview:-1\" \/>\n<link rel=\"canonical\" href=\"https:\/\/acemeafrica.com\/fr\/privacy-policy\/\" \/>\n<meta property=\"og:locale\" content=\"fr_FR\" \/>\n<meta property=\"og:type\" content=\"article\" \/>\n<meta property=\"og:title\" content=\"Privacy Policy - ACEME\" \/>\n<meta property=\"og:url\" content=\"https:\/\/acemeafrica.com\/fr\/privacy-policy\/\" \/>\n<meta property=\"og:site_name\" content=\"ACEME\" \/>\n<meta property=\"article:modified_time\" content=\"2024-10-24T18:56:46+00:00\" \/>\n<meta name=\"twitter:card\" content=\"summary_large_image\" \/>\n<meta name=\"twitter:label1\" content=\"Dur\u00e9e de lecture est.\" \/>\n\t<meta name=\"twitter:data1\" content=\"2 minutes\" \/>\n<script type=\"application\/ld+json\" class=\"yoast-schema-graph\">{\"@context\":\"https:\\\/\\\/schema.org\",\"@graph\":[{\"@type\":\"WebPage\",\"@id\":\"https:\\\/\\\/acemeafrica.com\\\/privacy-policy\\\/\",\"url\":\"https:\\\/\\\/acemeafrica.com\\\/privacy-policy\\\/\",\"name\":\"Privacy Policy - ACEME\",\"isPartOf\":{\"@id\":\"https:\\\/\\\/acemeafrica.com\\\/#website\"},\"datePublished\":\"2024-09-03T07:39:07+00:00\",\"dateModified\":\"2024-10-24T18:56:46+00:00\",\"breadcrumb\":{\"@id\":\"https:\\\/\\\/acemeafrica.com\\\/privacy-policy\\\/#breadcrumb\"},\"inLanguage\":\"fr-BE\",\"potentialAction\":[{\"@type\":\"ReadAction\",\"target\":[\"https:\\\/\\\/acemeafrica.com\\\/privacy-policy\\\/\"]}]},{\"@type\":\"BreadcrumbList\",\"@id\":\"https:\\\/\\\/acemeafrica.com\\\/privacy-policy\\\/#breadcrumb\",\"itemListElement\":[{\"@type\":\"ListItem\",\"position\":1,\"name\":\"Accueil\",\"item\":\"https:\\\/\\\/acemeafrica.com\\\/\"},{\"@type\":\"ListItem\",\"position\":2,\"name\":\"Privacy Policy\"}]},{\"@type\":\"WebSite\",\"@id\":\"https:\\\/\\\/acemeafrica.com\\\/#website\",\"url\":\"https:\\\/\\\/acemeafrica.com\\\/\",\"name\":\"ACEME\",\"description\":\"African Center for Excellence in Molecular Engineering\",\"publisher\":{\"@id\":\"https:\\\/\\\/acemeafrica.com\\\/#organization\"},\"potentialAction\":[{\"@type\":\"SearchAction\",\"target\":{\"@type\":\"EntryPoint\",\"urlTemplate\":\"https:\\\/\\\/acemeafrica.com\\\/?s={search_term_string}\"},\"query-input\":{\"@type\":\"PropertyValueSpecification\",\"valueRequired\":true,\"valueName\":\"search_term_string\"}}],\"inLanguage\":\"fr-BE\"},{\"@type\":\"Organization\",\"@id\":\"https:\\\/\\\/acemeafrica.com\\\/#organization\",\"name\":\"ACEME\",\"url\":\"https:\\\/\\\/acemeafrica.com\\\/\",\"logo\":{\"@type\":\"ImageObject\",\"inLanguage\":\"fr-BE\",\"@id\":\"https:\\\/\\\/acemeafrica.com\\\/#\\\/schema\\\/logo\\\/image\\\/\",\"url\":\"https:\\\/\\\/acemeafrica.com\\\/wp-content\\\/uploads\\\/2024\\\/09\\\/ACEME-Logo-Final_Colours-Dark-Background.png\",\"contentUrl\":\"https:\\\/\\\/acemeafrica.com\\\/wp-content\\\/uploads\\\/2024\\\/09\\\/ACEME-Logo-Final_Colours-Dark-Background.png\",\"width\":3622,\"height\":1242,\"caption\":\"ACEME\"},\"image\":{\"@id\":\"https:\\\/\\\/acemeafrica.com\\\/#\\\/schema\\\/logo\\\/image\\\/\"}}]}<\/script>\n<!-- \/ Yoast SEO plugin. -->","yoast_head_json":{"title":"Privacy Policy - ACEME","robots":{"index":"index","follow":"follow","max-snippet":"max-snippet:-1","max-image-preview":"max-image-preview:large","max-video-preview":"max-video-preview:-1"},"canonical":"https:\/\/acemeafrica.com\/fr\/privacy-policy\/","og_locale":"fr_FR","og_type":"article","og_title":"Privacy Policy - ACEME","og_url":"https:\/\/acemeafrica.com\/fr\/privacy-policy\/","og_site_name":"ACEME","article_modified_time":"2024-10-24T18:56:46+00:00","twitter_card":"summary_large_image","twitter_misc":{"Dur\u00e9e de lecture est.":"2 minutes"},"schema":{"@context":"https:\/\/schema.org","@graph":[{"@type":"WebPage","@id":"https:\/\/acemeafrica.com\/privacy-policy\/","url":"https:\/\/acemeafrica.com\/privacy-policy\/","name":"Privacy Policy - ACEME","isPartOf":{"@id":"https:\/\/acemeafrica.com\/#website"},"datePublished":"2024-09-03T07:39:07+00:00","dateModified":"2024-10-24T18:56:46+00:00","breadcrumb":{"@id":"https:\/\/acemeafrica.com\/privacy-policy\/#breadcrumb"},"inLanguage":"fr-BE","potentialAction":[{"@type":"ReadAction","target":["https:\/\/acemeafrica.com\/privacy-policy\/"]}]},{"@type":"BreadcrumbList","@id":"https:\/\/acemeafrica.com\/privacy-policy\/#breadcrumb","itemListElement":[{"@type":"ListItem","position":1,"name":"Accueil","item":"https:\/\/acemeafrica.com\/"},{"@type":"ListItem","position":2,"name":"Privacy Policy"}]},{"@type":"WebSite","@id":"https:\/\/acemeafrica.com\/#website","url":"https:\/\/acemeafrica.com\/","name":"l'ACEME","description":"African Center for Excellence in Molecular Engineering","publisher":{"@id":"https:\/\/acemeafrica.com\/#organization"},"potentialAction":[{"@type":"SearchAction","target":{"@type":"EntryPoint","urlTemplate":"https:\/\/acemeafrica.com\/?s={search_term_string}"},"query-input":{"@type":"PropertyValueSpecification","valueRequired":true,"valueName":"search_term_string"}}],"inLanguage":"fr-BE"},{"@type":"Organization","@id":"https:\/\/acemeafrica.com\/#organization","name":"l'ACEME","url":"https:\/\/acemeafrica.com\/","logo":{"@type":"ImageObject","inLanguage":"fr-BE","@id":"https:\/\/acemeafrica.com\/#\/schema\/logo\/image\/","url":"https:\/\/acemeafrica.com\/wp-content\/uploads\/2024\/09\/ACEME-Logo-Final_Colours-Dark-Background.png","contentUrl":"https:\/\/acemeafrica.com\/wp-content\/uploads\/2024\/09\/ACEME-Logo-Final_Colours-Dark-Background.png","width":3622,"height":1242,"caption":"ACEME"},"image":{"@id":"https:\/\/acemeafrica.com\/#\/schema\/logo\/image\/"}}]}},"_links":{"self":[{"href":"https:\/\/acemeafrica.com\/fr\/wp-json\/wp\/v2\/pages\/3","targetHints":{"allow":["GET"]}}],"collection":[{"href":"https:\/\/acemeafrica.com\/fr\/wp-json\/wp\/v2\/pages"}],"about":[{"href":"https:\/\/acemeafrica.com\/fr\/wp-json\/wp\/v2\/types\/page"}],"author":[{"embeddable":true,"href":"https:\/\/acemeafrica.com\/fr\/wp-json\/wp\/v2\/users\/1"}],"replies":[{"embeddable":true,"href":"https:\/\/acemeafrica.com\/fr\/wp-json\/wp\/v2\/comments?post=3"}],"version-history":[{"count":8,"href":"https:\/\/acemeafrica.com\/fr\/wp-json\/wp\/v2\/pages\/3\/revisions"}],"predecessor-version":[{"id":469,"href":"https:\/\/acemeafrica.com\/fr\/wp-json\/wp\/v2\/pages\/3\/revisions\/469"}],"wp:attachment":[{"href":"https:\/\/acemeafrica.com\/fr\/wp-json\/wp\/v2\/media?parent=3"}],"curies":[{"name":"wp","href":"https:\/\/api.w.org\/{rel}","templated":true}]}}