{"id":21,"date":"2024-09-05T21:16:16","date_gmt":"2024-09-05T21:16:16","guid":{"rendered":"https:\/\/acemeafrica.com\/?page_id=21"},"modified":"2026-03-31T11:06:32","modified_gmt":"2026-03-31T11:06:32","slug":"home","status":"publish","type":"page","link":"https:\/\/acemeafrica.com\/fr\/","title":{"rendered":"Accueil"},"content":{"rendered":"<div class=\"wpb-content-wrapper\"><div class=\"vc_row wpb_row vc_row-fluid wpb_animate_when_almost_visible wpb_fadeIn fadeIn vc_custom_1727449386658 vc_row-o-full-height vc_row-o-columns-middle vc_row-flex wpex-vc-full-width-row wpex-vc-full-width-row--centered wpex-relative wpex-vc_row-has-fill wpex-vc-reset-negative-margin wpex-has-overlay wpex-has-overlay--69e3440051ab9\" style=\"background-position:top!important;\"><div class=\"wpex-bg-overlay-wrap wpex-absolute wpex-inset-0 wpex-rounded-inherit\"><style class=\"wpex-bg-overlay-css\">.wpex-has-overlay--69e3440051ab9 > .wpex-bg-overlay-wrap .wpex-bg-overlay{opacity:40%;}<\/style><span class=\"wpex-bg-overlay dark wpex-absolute wpex-inset-0 wpex-rounded-inherit wpex-duration-500 wpex-opacity-60 wpex-bg-black\"><\/span><\/div><div class=\"wpb_column vc_column_container vc_col-sm-9\"><div class=\"vc_column-inner\"><div class=\"wpb_wrapper\"><div class=\"vcex-spacing wpex-w-100 wpex-clear hide-at-mm-breakpoint\" style=\"height:35vh;\"><\/div><style>.vcex-icon.vcex_69e34400525b8{font-size:30px;}.vcex-icon.vcex_69e34400525b8 .vcex-icon-wrap{color:var(--wpex-on-accent);border-radius:0px;}<\/style><div class=\"vcex-icon vcex-module vcex-icon-normal wpb_animate_when_almost_visible wpb_fadeIn fadeIn wpex-mb-50 aceme-square vcex_69e34400525b8\"><div class=\"vcex-icon-wrap wpex-inline-flex wpex-items-center wpex-justify-center wpex-leading-none\"><span aria-hidden=\"true\" class=\"fas fa-square-full\"><\/span><\/div><\/div><div class=\"vcex-spacing wpex-w-100 wpex-clear show-at-mm-breakpoint\" style=\"height:25vh;\"><\/div><style>.vcex_69e3440052ecf{font-size:32px!important;}@media (max-width:1024px){.vcex_69e3440052ecf{font-size:32px!important;}}@media (max-width:959px){.vcex_69e3440052ecf{font-size:28px!important;}}@media (max-width:767px){.vcex_69e3440052ecf{font-size:28px!important;}}@media (max-width:479px){.vcex_69e3440052ecf{font-size:24px!important;}}<\/style>\n\t<div style=\"color:#ffffff;font-weight:700;line-height:140%;\" class=\"wpb_text_column vcex_69e3440052ecf has-custom-color wpex-child-inherit-color wpb_content_element wpb_animate_when_almost_visible wpb_fadeIn fadeIn\" >\n\t\t<div class=\"wpb_wrapper\">\n\t\t\t<p class=\"translation-block\"><span style=\"color: #ffd377\">Notre vision<\/span> est que les scientifiques africains soient \u00e0 la pointe du d\u00e9veloppement de solutions innovantes pour lutter contre les maladies \u00e0 transmission vectorielle<\/p>\n\n\t\t<\/div>\n\t<\/div>\n<div class=\"vcex-spacing wpex-w-100 wpex-clear show-at-mm-breakpoint\" style=\"height:15vh;\"><\/div><\/div><\/div><\/div><\/div><div class=\"vc_row wpb_row vc_row-fluid vc_custom_1727357433744 wpex-vc-full-width-row wpex-vc-full-width-row--centered wpex-relative wpex-vc_row-has-fill wpex-vc-reset-negative-margin\"><div class=\"wpb_column vc_column_container vc_col-sm-6 vc_col-lg-6\"><div class=\"vc_column-inner\"><div class=\"wpb_wrapper\"><div class=\"vc_row wpb_row vc_inner vc_row-fluid vc_custom_1727357277604 vc_row-o-content-middle vc_row-flex wpex-relative\"><div class=\"wpb_column vc_column_container vc_col-sm-4\"><div class=\"vc_column-inner\"><div class=\"wpb_wrapper\"><style>.vcex-image.vcex_69e3440053c65 .vcex-image-inner{max-width:90px;}<\/style><figure class=\"vcex-image vcex-module wpex-text-center wpb_animate_when_almost_visible wpb_fadeIn fadeIn vcex_69e3440053c65\"><div class=\"vcex-image-inner wpex-relative wpex-inline-block\"><img width=\"587\" height=\"620\" src=\"https:\/\/acemeafrica.com\/wp-content\/uploads\/2024\/09\/Africa-map.png\" class=\"vcex-image-img wpex-align-middle\" alt=\"\" loading=\"lazy\" decoding=\"async\" srcset=\"https:\/\/acemeafrica.com\/wp-content\/uploads\/2024\/09\/Africa-map.png 587w, https:\/\/acemeafrica.com\/wp-content\/uploads\/2024\/09\/Africa-map-284x300.png 284w\" sizes=\"auto, (max-width: 587px) 100vw, 587px\" \/><\/div><\/figure><\/div><\/div><\/div><div class=\"wpb_column vc_column_container vc_col-sm-8\"><div class=\"vc_column-inner\"><div class=\"wpb_wrapper\">\n\t<div style=\"color:#ffffff;\" class=\"wpb_text_column has-custom-color wpex-child-inherit-color wpb_content_element wpb_animate_when_almost_visible wpb_fadeIn fadeIn\" >\n\t\t<div class=\"wpb_wrapper\">\n\t\t\t<p class=\"translation-block\"><span style=\"color: #ffd377\">L\u2019Afrique est la r\u00e9gion la plus touch\u00e9e par les maladies \u00e0 transmission vectorielle.<\/span>\u00a0Le paludisme tue \u00e0 lui seul plus de 500 000 personnes par an en Afrique.<\/p>\n\n\t\t<\/div>\n\t<\/div>\n<\/div><\/div><\/div><\/div><div class=\"vc_row wpb_row vc_inner vc_row-fluid vc_custom_1727357221465 vc_row-o-content-middle vc_row-flex wpex-relative\"><div class=\"wpb_column vc_column_container vc_col-sm-4\"><div class=\"vc_column-inner\"><div class=\"wpb_wrapper\"><style>.vcex-image.vcex_69e34400553ab .vcex-image-inner{max-width:70px;}<\/style><figure class=\"vcex-image vcex-module wpex-text-center wpb_animate_when_almost_visible wpb_fadeIn fadeIn vcex_69e34400553ab\"><div class=\"vcex-image-inner wpex-relative wpex-inline-block\"><img width=\"3221\" height=\"4351\" src=\"https:\/\/acemeafrica.com\/wp-content\/uploads\/2024\/09\/Microscope.png\" class=\"vcex-image-img wpex-align-middle\" alt=\"\" loading=\"lazy\" decoding=\"async\" srcset=\"https:\/\/acemeafrica.com\/wp-content\/uploads\/2024\/09\/Microscope.png 3221w, https:\/\/acemeafrica.com\/wp-content\/uploads\/2024\/09\/Microscope-222x300.png 222w, https:\/\/acemeafrica.com\/wp-content\/uploads\/2024\/09\/Microscope-758x1024.png 758w, https:\/\/acemeafrica.com\/wp-content\/uploads\/2024\/09\/Microscope-768x1037.png 768w, https:\/\/acemeafrica.com\/wp-content\/uploads\/2024\/09\/Microscope-1137x1536.png 1137w, https:\/\/acemeafrica.com\/wp-content\/uploads\/2024\/09\/Microscope-1516x2048.png 1516w\" sizes=\"auto, (max-width: 3221px) 100vw, 3221px\" \/><\/div><\/figure><\/div><\/div><\/div><div class=\"wpb_column vc_column_container vc_col-sm-8\"><div class=\"vc_column-inner\"><div class=\"wpb_wrapper\">\n\t<div style=\"color:#ffffff;\" class=\"wpb_text_column has-custom-color wpex-child-inherit-color wpb_content_element wpb_animate_when_almost_visible wpb_fadeIn fadeIn\" >\n\t\t<div class=\"wpb_wrapper\">\n\t\t\t<p class=\"translation-block\"><span style=\"color: #ffd377\">Des solutions novatrices sont n\u00e9cessaires,<\/span> mais leurs conception et d\u00e9veloppement n\u00e9cessitent des infrastructures et des comp\u00e9tences techniques de pointe.<\/p>\n\n\t\t<\/div>\n\t<\/div>\n<\/div><\/div><\/div><\/div><div class=\"vc_row wpb_row vc_inner vc_row-fluid vc_row-o-content-middle vc_row-flex wpex-relative\"><div class=\"wpb_column vc_column_container vc_col-sm-4 vc_hidden-xs\"><div class=\"vc_column-inner\"><div class=\"wpb_wrapper\"><\/div><\/div><\/div><div class=\"wpb_column vc_column_container vc_col-sm-8\"><div class=\"vc_column-inner\"><div class=\"wpb_wrapper\"><style>.vcex-button.vcex_69e344005679d{background:#ffd377;color:var(--wpex-accent)!important;text-transform:uppercase;}.vcex-button.vcex_69e344005679d:hover{background:var(--wpex-palette-251-color)!important;}<\/style><a href=\"https:\/\/acemeafrica.com\/fr\/our-challenge\/\" class=\"vcex-button theme-button align-left inline hide-at-mm-breakpoint vcex_69e344005679d\"><span class=\"vcex-button-inner theme-button-inner wpex-flex wpex-flex-wrap wpex-items-center wpex-justify-center\">En savoir plus<\/span><\/a> <style>.vcex-button.vcex_69e3440056f8d{background:#ffd377;color:var(--wpex-accent)!important;text-transform:uppercase;}.vcex-button.vcex_69e3440056f8d:hover{background:var(--wpex-palette-251-color)!important;}<\/style><div class=\"theme-button-wrap textcenter wpex-clr\"><a href=\"https:\/\/acemeafrica.com\/fr\/our-challenge\/\" class=\"vcex-button theme-button align-center inline show-at-mm-breakpoint vcex_69e3440056f8d\"><span class=\"vcex-button-inner theme-button-inner wpex-flex wpex-flex-wrap wpex-items-center wpex-justify-center\">En savoir plus<\/span><\/a><\/div> <\/div><\/div><\/div><\/div><\/div><\/div><\/div><div class=\"wpb_column vc_column_container vc_col-sm-6 vc_col-lg-offset-1 vc_col-lg-5\"><div class=\"vc_column-inner\"><div class=\"wpb_wrapper\"><style>.vcex-image.vcex_69e344005776e .vcex-image-inner{max-width:70px;}<\/style><figure class=\"vcex-image vcex-module wpb_animate_when_almost_visible wpb_fadeIn fadeIn hide-at-mm-breakpoint vcex_69e344005776e\"><div class=\"vcex-image-inner wpex-relative wpex-inline-block\"><img width=\"70\" height=\"100\" src=\"https:\/\/acemeafrica.com\/wp-content\/uploads\/2024\/09\/Speech-mark-icon.svg\" class=\"vcex-image-img wpex-align-middle\" alt=\"\" loading=\"lazy\" decoding=\"async\" \/><\/div><\/figure><style>.vcex_69e344005818f{font-size:24px!important;}@media (max-width:1024px){.vcex_69e344005818f{font-size:24px!important;}}@media (max-width:959px){.vcex_69e344005818f{font-size:24px!important;}}@media (max-width:767px){.vcex_69e344005818f{font-size:18px!important;}}@media (max-width:479px){.vcex_69e344005818f{font-size:18px!important;}}<\/style>\n\t<div style=\"color:#ffffff;font-weight:200;line-height:150%;font-style:italic;\" class=\"wpb_text_column vcex_69e344005818f has-custom-color wpex-child-inherit-color hide-at-mm-breakpoint wpb_content_element wpb_animate_when_almost_visible wpb_fadeIn fadeIn vc_custom_1727513553468\" >\n\t\t<div class=\"wpb_wrapper\">\n\t\t\t<p>Notre centre d\u2019excellence contribuera \u00e0 placer les scientifiques africains au coeur de la lutte contre les maladies vectorielles.<\/p>\n\n\t\t<\/div>\n\t<\/div>\n\n\t<div style=\"color:#ffffff;font-size:16px;font-weight:200;text-align:start;line-height:170%;font-style:italic;\" class=\"wpb_text_column has-custom-color wpex-child-inherit-color show-at-mm-breakpoint wpb_content_element wpb_animate_when_almost_visible wpb_fadeIn fadeIn vc_custom_1727513810396\" >\n\t\t<div class=\"wpb_wrapper\">\n\t\t\t<blockquote>\n<p>Notre centre d\u2019excellence contribuera \u00e0 placer les scientifiques africains au coeur de la lutte contre les maladies vectorielles.<\/p>\n<\/blockquote>\n\n\t\t<\/div>\n\t<\/div>\n<\/div><\/div><\/div><\/div><div class=\"vc_row wpb_row vc_row-fluid vc_custom_1727368399656 vc_column-gap-35 vc_row-o-content-middle vc_row-flex wpex-vc-full-width-row wpex-vc-full-width-row--centered wpex-relative wpex-vc_row-has-fill no-bottom-margins wpex-cols-right wpex-vc-reset-negative-margin\"><div class=\"wpb_column vc_column_container vc_col-sm-6 vc_col-lg-6\"><div class=\"vc_column-inner\"><div class=\"wpb_wrapper\"><style>.vcex-image.vcex_69e3440058a9a .vcex-image-img{border-radius:var(--wpex-radius-blob-3);}<\/style><figure class=\"vcex-image vcex-module wpex-text-center wpb_animate_when_almost_visible wpb_fadeIn fadeIn vcex_69e3440058a9a\"><div class=\"vcex-image-inner wpex-relative wpex-inline-block\"><img width=\"1920\" height=\"1440\" src=\"https:\/\/acemeafrica.com\/wp-content\/uploads\/2024\/09\/Home-section-3-blob.jpg\" class=\"vcex-image-img wpex-align-middle wpex-aspect-4-3 wpex-object-cover\" alt=\"\" loading=\"lazy\" decoding=\"async\" srcset=\"https:\/\/acemeafrica.com\/wp-content\/uploads\/2024\/09\/Home-section-3-blob.jpg 1920w, https:\/\/acemeafrica.com\/wp-content\/uploads\/2024\/09\/Home-section-3-blob-300x225.jpg 300w, https:\/\/acemeafrica.com\/wp-content\/uploads\/2024\/09\/Home-section-3-blob-1024x768.jpg 1024w, https:\/\/acemeafrica.com\/wp-content\/uploads\/2024\/09\/Home-section-3-blob-768x576.jpg 768w, https:\/\/acemeafrica.com\/wp-content\/uploads\/2024\/09\/Home-section-3-blob-1536x1152.jpg 1536w\" sizes=\"auto, (max-width: 1920px) 100vw, 1920px\" \/><\/div><\/figure><\/div><\/div><\/div><div class=\"wpb_column vc_column_container vc_col-sm-6 vc_col-lg-6\"><div class=\"vc_column-inner\"><div class=\"wpb_wrapper\"><style>.vcex-heading.vcex_69e34400599f3{color:var(--wpex-accent);font-size:32px;line-height:var(--wpex-leading-tight);}@media (max-width:479px){.vcex-heading.vcex_69e34400599f3{font-size:28px;}}<\/style><div class=\"vcex-heading vcex-heading-plain vcex-module wpex-heading wpex-text-2xl wpex-div wpb_animate_when_almost_visible wpb_fadeIn fadeIn vc_custom_1732188743503 vcex_69e34400599f3\"><span class=\"vcex-heading-inner wpex-inline-block\">Un centre africain d\u2019excellence en g\u00e9nie g\u00e9n\u00e9tique<\/span><\/div>\n\t<div style=\"color:var(--wpex-accent);\" class=\"wpb_text_column has-custom-color wpex-child-inherit-color wpb_content_element wpb_animate_when_almost_visible wpb_fadeIn fadeIn\" >\n\t\t<div class=\"wpb_wrapper\">\n\t\t\t<p>Nous travaillons \u00e0 mettre en place un Centre africain d'excellence en g\u00e9nie g\u00e9n\u00e9tique, pour soutenir les efforts mondiaux pour d\u00e9velopper des approches innovantes de lutte antivectorielle. Notre centre offrira aux scientifiques africains un cadre pour apprendre et d\u00e9velopper des comp\u00e9tences avanc\u00e9es en g\u00e9nie g\u00e9n\u00e9tique, y compris celles li\u00e9es \u00e0 l'ing\u00e9nierie des moustiques g\u00e9n\u00e9tiquement modifi\u00e9s.<\/p>\n\n\t\t<\/div>\n\t<\/div>\n<style>.vcex-button.vcex_69e344005a208{border-radius:var(--wpex-rounded-full);color:#ffffff!important;text-transform:uppercase;}.vcex-button.vcex_69e344005a208:hover{background:#ffffff!important;color:var(--wpex-accent)!important;}<\/style><div class=\"vc_custom_1727375670543  wpb_animate_when_almost_visible wpb_fadeIn fadeIn wpex-clr\"><a href=\"https:\/\/acemeafrica.com\/fr\/about-us\/\" class=\"vcex-button theme-button inline vcex_69e344005a208\"><span class=\"vcex-button-inner theme-button-inner wpex-flex wpex-flex-wrap wpex-items-center wpex-justify-center\">En savoir plus<\/span><\/a><\/div> <\/div><\/div><\/div><\/div>\n<\/div>","protected":false},"excerpt":{"rendered":"Our vision is for African scientists to be at the forefront of developing innovative solutions to fight vector-borne diseases on the continent The African region is one of the hardest hit by vector-borne diseases.\u00a0Malaria alone kills over 500,000 people every year in Africa. Innovative solutions are needed, but their design and development require state-of-the-art infrastructure&hellip;","protected":false},"author":1,"featured_media":0,"parent":0,"menu_order":0,"comment_status":"closed","ping_status":"closed","template":"","meta":{"inline_featured_image":false,"footnotes":""},"class_list":["post-21","page","type-page","status-publish","hentry","entry","no-media"],"yoast_head":"<!-- This site is optimized with the Yoast SEO plugin v27.4 - https:\/\/yoast.com\/product\/yoast-seo-wordpress\/ -->\n<title>Home - ACEME<\/title>\n<meta name=\"robots\" content=\"index, follow, max-snippet:-1, max-image-preview:large, max-video-preview:-1\" \/>\n<link rel=\"canonical\" href=\"https:\/\/acemeafrica.com\/fr\/\" \/>\n<meta property=\"og:locale\" content=\"fr_FR\" \/>\n<meta property=\"og:type\" content=\"article\" \/>\n<meta property=\"og:title\" content=\"Home - ACEME\" \/>\n<meta property=\"og:url\" content=\"https:\/\/acemeafrica.com\/fr\/\" \/>\n<meta property=\"og:site_name\" content=\"ACEME\" \/>\n<meta property=\"article:modified_time\" content=\"2026-03-31T11:06:32+00:00\" \/>\n<meta name=\"twitter:card\" content=\"summary_large_image\" \/>\n<meta name=\"twitter:label1\" content=\"Dur\u00e9e de lecture est.\" \/>\n\t<meta name=\"twitter:data1\" content=\"2 minutes\" \/>\n<script type=\"application\/ld+json\" class=\"yoast-schema-graph\">{\"@context\":\"https:\\\/\\\/schema.org\",\"@graph\":[{\"@type\":\"WebPage\",\"@id\":\"https:\\\/\\\/acemeafrica.com\\\/\",\"url\":\"https:\\\/\\\/acemeafrica.com\\\/\",\"name\":\"Home - ACEME\",\"isPartOf\":{\"@id\":\"https:\\\/\\\/acemeafrica.com\\\/#website\"},\"datePublished\":\"2024-09-05T21:16:16+00:00\",\"dateModified\":\"2026-03-31T11:06:32+00:00\",\"breadcrumb\":{\"@id\":\"https:\\\/\\\/acemeafrica.com\\\/#breadcrumb\"},\"inLanguage\":\"fr-BE\",\"potentialAction\":[{\"@type\":\"ReadAction\",\"target\":[\"https:\\\/\\\/acemeafrica.com\\\/\"]}]},{\"@type\":\"BreadcrumbList\",\"@id\":\"https:\\\/\\\/acemeafrica.com\\\/#breadcrumb\",\"itemListElement\":[{\"@type\":\"ListItem\",\"position\":1,\"name\":\"Accueil\",\"item\":\"https:\\\/\\\/acemeafrica.com\\\/\"},{\"@type\":\"ListItem\",\"position\":2,\"name\":\"Home\"}]},{\"@type\":\"WebSite\",\"@id\":\"https:\\\/\\\/acemeafrica.com\\\/#website\",\"url\":\"https:\\\/\\\/acemeafrica.com\\\/\",\"name\":\"ACEME\",\"description\":\"African Center for Excellence in Molecular Engineering\",\"publisher\":{\"@id\":\"https:\\\/\\\/acemeafrica.com\\\/#organization\"},\"potentialAction\":[{\"@type\":\"SearchAction\",\"target\":{\"@type\":\"EntryPoint\",\"urlTemplate\":\"https:\\\/\\\/acemeafrica.com\\\/?s={search_term_string}\"},\"query-input\":{\"@type\":\"PropertyValueSpecification\",\"valueRequired\":true,\"valueName\":\"search_term_string\"}}],\"inLanguage\":\"fr-BE\"},{\"@type\":\"Organization\",\"@id\":\"https:\\\/\\\/acemeafrica.com\\\/#organization\",\"name\":\"ACEME\",\"url\":\"https:\\\/\\\/acemeafrica.com\\\/\",\"logo\":{\"@type\":\"ImageObject\",\"inLanguage\":\"fr-BE\",\"@id\":\"https:\\\/\\\/acemeafrica.com\\\/#\\\/schema\\\/logo\\\/image\\\/\",\"url\":\"https:\\\/\\\/acemeafrica.com\\\/wp-content\\\/uploads\\\/2024\\\/09\\\/ACEME-Logo-Final_Colours-Dark-Background.png\",\"contentUrl\":\"https:\\\/\\\/acemeafrica.com\\\/wp-content\\\/uploads\\\/2024\\\/09\\\/ACEME-Logo-Final_Colours-Dark-Background.png\",\"width\":3622,\"height\":1242,\"caption\":\"ACEME\"},\"image\":{\"@id\":\"https:\\\/\\\/acemeafrica.com\\\/#\\\/schema\\\/logo\\\/image\\\/\"}}]}<\/script>\n<!-- \/ Yoast SEO plugin. -->","yoast_head_json":{"title":"Home - ACEME","robots":{"index":"index","follow":"follow","max-snippet":"max-snippet:-1","max-image-preview":"max-image-preview:large","max-video-preview":"max-video-preview:-1"},"canonical":"https:\/\/acemeafrica.com\/fr\/","og_locale":"fr_FR","og_type":"article","og_title":"Home - ACEME","og_url":"https:\/\/acemeafrica.com\/fr\/","og_site_name":"ACEME","article_modified_time":"2026-03-31T11:06:32+00:00","twitter_card":"summary_large_image","twitter_misc":{"Dur\u00e9e de lecture est.":"2 minutes"},"schema":{"@context":"https:\/\/schema.org","@graph":[{"@type":"WebPage","@id":"https:\/\/acemeafrica.com\/","url":"https:\/\/acemeafrica.com\/","name":"Home - ACEME","isPartOf":{"@id":"https:\/\/acemeafrica.com\/#website"},"datePublished":"2024-09-05T21:16:16+00:00","dateModified":"2026-03-31T11:06:32+00:00","breadcrumb":{"@id":"https:\/\/acemeafrica.com\/#breadcrumb"},"inLanguage":"fr-BE","potentialAction":[{"@type":"ReadAction","target":["https:\/\/acemeafrica.com\/"]}]},{"@type":"BreadcrumbList","@id":"https:\/\/acemeafrica.com\/#breadcrumb","itemListElement":[{"@type":"ListItem","position":1,"name":"Accueil","item":"https:\/\/acemeafrica.com\/"},{"@type":"ListItem","position":2,"name":"Home"}]},{"@type":"WebSite","@id":"https:\/\/acemeafrica.com\/#website","url":"https:\/\/acemeafrica.com\/","name":"l'ACEME","description":"African Center for Excellence in Molecular Engineering","publisher":{"@id":"https:\/\/acemeafrica.com\/#organization"},"potentialAction":[{"@type":"SearchAction","target":{"@type":"EntryPoint","urlTemplate":"https:\/\/acemeafrica.com\/?s={search_term_string}"},"query-input":{"@type":"PropertyValueSpecification","valueRequired":true,"valueName":"search_term_string"}}],"inLanguage":"fr-BE"},{"@type":"Organization","@id":"https:\/\/acemeafrica.com\/#organization","name":"l'ACEME","url":"https:\/\/acemeafrica.com\/","logo":{"@type":"ImageObject","inLanguage":"fr-BE","@id":"https:\/\/acemeafrica.com\/#\/schema\/logo\/image\/","url":"https:\/\/acemeafrica.com\/wp-content\/uploads\/2024\/09\/ACEME-Logo-Final_Colours-Dark-Background.png","contentUrl":"https:\/\/acemeafrica.com\/wp-content\/uploads\/2024\/09\/ACEME-Logo-Final_Colours-Dark-Background.png","width":3622,"height":1242,"caption":"ACEME"},"image":{"@id":"https:\/\/acemeafrica.com\/#\/schema\/logo\/image\/"}}]}},"_links":{"self":[{"href":"https:\/\/acemeafrica.com\/fr\/wp-json\/wp\/v2\/pages\/21","targetHints":{"allow":["GET"]}}],"collection":[{"href":"https:\/\/acemeafrica.com\/fr\/wp-json\/wp\/v2\/pages"}],"about":[{"href":"https:\/\/acemeafrica.com\/fr\/wp-json\/wp\/v2\/types\/page"}],"author":[{"embeddable":true,"href":"https:\/\/acemeafrica.com\/fr\/wp-json\/wp\/v2\/users\/1"}],"replies":[{"embeddable":true,"href":"https:\/\/acemeafrica.com\/fr\/wp-json\/wp\/v2\/comments?post=21"}],"version-history":[{"count":123,"href":"https:\/\/acemeafrica.com\/fr\/wp-json\/wp\/v2\/pages\/21\/revisions"}],"predecessor-version":[{"id":757,"href":"https:\/\/acemeafrica.com\/fr\/wp-json\/wp\/v2\/pages\/21\/revisions\/757"}],"wp:attachment":[{"href":"https:\/\/acemeafrica.com\/fr\/wp-json\/wp\/v2\/media?parent=21"}],"curies":[{"name":"wp","href":"https:\/\/api.w.org\/{rel}","templated":true}]}}