{"id":196,"date":"2024-09-13T17:37:46","date_gmt":"2024-09-13T17:37:46","guid":{"rendered":"https:\/\/acemeafrica.com\/?page_id=196"},"modified":"2024-11-21T11:26:26","modified_gmt":"2024-11-21T11:26:26","slug":"our-challenge","status":"publish","type":"page","link":"https:\/\/acemeafrica.com\/fr\/our-challenge\/","title":{"rendered":"Notre d\u00e9fi"},"content":{"rendered":"<div class=\"wpb-content-wrapper\"><div class=\"vc_row wpb_row vc_row-fluid wpb_animate_when_almost_visible wpb_fadeIn fadeIn vc_custom_1727451149844 wpex-vc-full-width-row wpex-vc-full-width-row--centered wpex-relative wpex-vc_row-has-fill wpex-vc-reset-negative-margin\"><div class=\"wpb_column vc_column_container vc_col-sm-12\"><div class=\"vc_column-inner\"><div class=\"wpb_wrapper\"><div class=\"vcex-spacing wpex-w-100 wpex-clear hide-at-mm-breakpoint\" style=\"height:20px;\"><\/div><div class=\"vcex-spacing wpex-w-100 wpex-clear hide-at-mm-breakpoint\" style=\"height:20vh;\"><\/div><div class=\"vcex-spacing wpex-w-100 wpex-clear show-at-mm-breakpoint\" style=\"height:17vh;\"><\/div><style>.vcex-heading.vcex_69e3441263a45{color:var(--wpex-on-accent);text-transform:uppercase;}<\/style><h1 class=\"vcex-heading vcex-heading-plain vcex-module wpex-heading wpex-text-2xl wpex-h1 wpex-text-center wpb_animate_when_almost_visible wpb_fadeIn fadeIn vc_custom_1727452939244 vcex_69e3441263a45\"><span class=\"vcex-heading-inner wpex-inline-block\">Notre d\u00e9fi<\/span><\/h1><div class=\"vcex-spacing wpex-w-100 wpex-clear hide-at-mm-breakpoint\" style=\"height:3vh;\"><\/div><\/div><\/div><\/div><\/div><div class=\"vc_row wpb_row vc_row-fluid wpb_animate_when_almost_visible wpb_fadeIn fadeIn vc_custom_1727453139354 wpex-vc-full-width-row wpex-vc-full-width-row--centered wpex-relative wpex-vc_row-has-fill wpex-vc-reset-negative-margin\"><div class=\"wpb_column vc_column_container vc_col-sm-6\"><div class=\"vc_column-inner\"><div class=\"wpb_wrapper\"><div class=\"vc_row wpb_row vc_inner vc_row-fluid vc_custom_1726748996977 vc_row-o-content-middle vc_row-flex wpex-relative\"><div class=\"wpb_column vc_column_container vc_col-sm-4\"><div class=\"vc_column-inner\"><div class=\"wpb_wrapper\"><style>.vcex-image.vcex_69e3441264c0c .vcex-image-inner{max-width:100px;}.vcex-image.vcex_69e3441264c0c .vcex-image-img{height:100px;}<\/style><figure class=\"vcex-image vcex-module wpex-text-center wpb_animate_when_almost_visible wpb_fadeIn fadeIn vcex_69e3441264c0c\"><div class=\"vcex-image-inner wpex-relative wpex-inline-block\"><img width=\"1000\" height=\"1000\" src=\"https:\/\/acemeafrica.com\/wp-content\/uploads\/2024\/09\/Mosquito.png\" class=\"vcex-image-img wpex-align-middle wpex-object-cover\" alt=\"\" loading=\"lazy\" decoding=\"async\" srcset=\"https:\/\/acemeafrica.com\/wp-content\/uploads\/2024\/09\/Mosquito.png 1000w, https:\/\/acemeafrica.com\/wp-content\/uploads\/2024\/09\/Mosquito-300x300.png 300w, https:\/\/acemeafrica.com\/wp-content\/uploads\/2024\/09\/Mosquito-150x150.png 150w, https:\/\/acemeafrica.com\/wp-content\/uploads\/2024\/09\/Mosquito-768x768.png 768w\" sizes=\"auto, (max-width: 1000px) 100vw, 1000px\" \/><\/div><\/figure><\/div><\/div><\/div><div class=\"wpb_column vc_column_container vc_col-sm-8\"><div class=\"vc_column-inner\"><div class=\"wpb_wrapper\">\n\t<div style=\"color:var(--wpex-palette-251-color);\" class=\"wpb_text_column has-custom-color wpex-child-inherit-color wpb_content_element wpb_animate_when_almost_visible wpb_fadeIn fadeIn\" >\n\t\t<div class=\"wpb_wrapper\">\n\t\t\t<p class=\"translation-block\">Les maladies \u00e0 transmission vectorielle repr\u00e9sentent <strong><span style=\"color: #ffd377\">plus de 17%<\/span><\/strong> de toutes les maladies infectieuses.<\/p>\n\n\t\t<\/div>\n\t<\/div>\n<\/div><\/div><\/div><\/div><div class=\"vc_row wpb_row vc_inner vc_row-fluid vc_row-o-content-middle vc_row-flex wpex-relative\"><div class=\"wpb_column vc_column_container vc_col-sm-4\"><div class=\"vc_column-inner\"><div class=\"wpb_wrapper\"><style>.vcex-image.vcex_69e34412665f9 .vcex-image-inner{max-width:80px;}.vcex-image.vcex_69e34412665f9 .vcex-image-img{height:80px;}<\/style><figure class=\"vcex-image vcex-module wpex-text-center wpb_animate_when_almost_visible wpb_fadeIn fadeIn vcex_69e34412665f9\"><div class=\"vcex-image-inner wpex-relative wpex-inline-block\"><img width=\"587\" height=\"620\" src=\"https:\/\/acemeafrica.com\/wp-content\/uploads\/2024\/09\/Africa-map.png\" class=\"vcex-image-img wpex-align-middle wpex-object-cover\" alt=\"\" loading=\"lazy\" decoding=\"async\" srcset=\"https:\/\/acemeafrica.com\/wp-content\/uploads\/2024\/09\/Africa-map.png 587w, https:\/\/acemeafrica.com\/wp-content\/uploads\/2024\/09\/Africa-map-284x300.png 284w\" sizes=\"auto, (max-width: 587px) 100vw, 587px\" \/><\/div><\/figure><\/div><\/div><\/div><div class=\"wpb_column vc_column_container vc_col-sm-8\"><div class=\"vc_column-inner\"><div class=\"wpb_wrapper\">\n\t<div style=\"color:var(--wpex-palette-251-color);\" class=\"wpb_text_column has-custom-color wpex-child-inherit-color wpb_content_element wpb_animate_when_almost_visible wpb_fadeIn fadeIn\" >\n\t\t<div class=\"wpb_wrapper\">\n\t\t\t<p class=\"translation-block\">L\u2019Afrique supporte une des <strong><span style=\"color: #ffd377\">plus lourdes charges<\/span><\/strong> de mortalit\u00e9 li\u00e9e aux maladies \u00e0 transmission vectorielle.<\/p>\n\n\t\t<\/div>\n\t<\/div>\n<\/div><\/div><\/div><\/div><\/div><\/div><\/div><div class=\"wpb_column vc_column_container vc_col-sm-6\"><div class=\"vc_column-inner\"><div class=\"wpb_wrapper\"><div class=\"vc_row wpb_row vc_inner vc_row-fluid vc_custom_1727452567545 vc_row-o-content-middle vc_row-flex wpex-relative\"><div class=\"wpb_column vc_column_container vc_col-sm-4\"><div class=\"vc_column-inner\"><div class=\"wpb_wrapper\"><style>.vcex-image.vcex_69e344126786e .vcex-image-inner{max-width:90px;}.vcex-image.vcex_69e344126786e .vcex-image-img{height:90px;}<\/style><figure class=\"vcex-image vcex-module wpex-text-center wpb_animate_when_almost_visible wpb_fadeIn fadeIn vcex_69e344126786e\"><div class=\"vcex-image-inner wpex-relative wpex-inline-block\"><img width=\"575\" height=\"579\" src=\"https:\/\/acemeafrica.com\/wp-content\/uploads\/2024\/09\/Globe-icon.png\" class=\"vcex-image-img wpex-align-middle wpex-object-cover\" alt=\"\" loading=\"lazy\" decoding=\"async\" srcset=\"https:\/\/acemeafrica.com\/wp-content\/uploads\/2024\/09\/Globe-icon.png 575w, https:\/\/acemeafrica.com\/wp-content\/uploads\/2024\/09\/Globe-icon-298x300.png 298w, https:\/\/acemeafrica.com\/wp-content\/uploads\/2024\/09\/Globe-icon-150x150.png 150w\" sizes=\"auto, (max-width: 575px) 100vw, 575px\" \/><\/div><\/figure><\/div><\/div><\/div><div class=\"wpb_column vc_column_container vc_col-sm-8\"><div class=\"vc_column-inner\"><div class=\"wpb_wrapper\">\n\t<div style=\"color:var(--wpex-palette-251-color);\" class=\"wpb_text_column has-custom-color wpex-child-inherit-color wpb_content_element wpb_animate_when_almost_visible wpb_fadeIn fadeIn\" >\n\t\t<div class=\"wpb_wrapper\">\n\t\t\t<p class=\"translation-block\">Elles sont responsables de plus de <strong><span style=\"color: #ffd377\">700 000 d\u00e9c\u00e8s<\/span><\/strong> par an, et <strong><span style=\"color: #ffd377\">80% de la population<\/span><\/strong> mondiale y est expos\u00e9e.<\/p>\n\n\t\t<\/div>\n\t<\/div>\n<\/div><\/div><\/div><\/div><div class=\"vc_row wpb_row vc_inner vc_row-fluid vc_row-o-content-middle vc_row-flex wpex-relative\"><div class=\"wpb_column vc_column_container vc_col-sm-4\"><div class=\"vc_column-inner\"><div class=\"wpb_wrapper\"><style>.vcex-image.vcex_69e3441268c75 .vcex-image-inner{max-width:60px;}<\/style><figure class=\"vcex-image vcex-module wpex-text-center wpb_animate_when_almost_visible wpb_fadeIn fadeIn vcex_69e3441268c75\"><div class=\"vcex-image-inner wpex-relative wpex-inline-block\"><img width=\"490\" height=\"637\" src=\"https:\/\/acemeafrica.com\/wp-content\/uploads\/2024\/09\/Chart-icon.png\" class=\"vcex-image-img wpex-align-middle\" alt=\"\" loading=\"lazy\" decoding=\"async\" srcset=\"https:\/\/acemeafrica.com\/wp-content\/uploads\/2024\/09\/Chart-icon.png 490w, https:\/\/acemeafrica.com\/wp-content\/uploads\/2024\/09\/Chart-icon-231x300.png 231w\" sizes=\"auto, (max-width: 490px) 100vw, 490px\" \/><\/div><\/figure><\/div><\/div><\/div><div class=\"wpb_column vc_column_container vc_col-sm-8\"><div class=\"vc_column-inner\"><div class=\"wpb_wrapper\">\n\t<div style=\"color:var(--wpex-palette-251-color);\" class=\"wpb_text_column has-custom-color wpex-child-inherit-color wpb_content_element wpb_animate_when_almost_visible wpb_fadeIn fadeIn\" >\n\t\t<div class=\"wpb_wrapper\">\n\t\t\t<p class=\"translation-block\">Le paludisme tue \u00e0 lui seul <strong><span style=\"color: #ffd377\">plus de 500 000 personnes<\/span><\/strong> par an en Afrique.<\/p>\n\n\t\t<\/div>\n\t<\/div>\n<\/div><\/div><\/div><\/div>\n\t<div style=\"color:#ffffff;font-size:12px;letter-spacing:var(--wpex-tracking-wider);font-weight:600;text-align:end;\" class=\"wpb_text_column has-custom-color wpex-child-inherit-color hide-at-mm-breakpoint wpb_content_element wpb_animate_when_almost_visible wpb_fadeIn fadeIn vc_custom_1728478637606\" >\n\t\t<div class=\"wpb_wrapper\">\n\t\t\t<p>OMS 2023<\/p>\n\n\t\t<\/div>\n\t<\/div>\n\n\t<div style=\"color:#ffffff;font-size:12px;letter-spacing:var(--wpex-tracking-wider);font-weight:600;text-align:end;\" class=\"wpb_text_column has-custom-color wpex-child-inherit-color show-at-mm-breakpoint wpb_content_element wpb_animate_when_almost_visible wpb_fadeIn fadeIn vc_custom_1728478646206\" >\n\t\t<div class=\"wpb_wrapper\">\n\t\t\t<p>OMS 2023<\/p>\n\n\t\t<\/div>\n\t<\/div>\n<\/div><\/div><\/div><\/div><div class=\"vc_row wpb_row vc_row-fluid vc_custom_1726251590489 wpex-vc-full-width-row wpex-vc-full-width-row--centered wpex-relative\"><div class=\"wpb_column vc_column_container vc_col-sm-12\"><div class=\"vc_column-inner\"><div class=\"wpb_wrapper\"><style>.vcex-bullets.vcex_69e344126a84b .vcex-bullets-icon{color:var(--wpex-on-accent);}.vcex-bullets.vcex_69e344126a84b .vcex-bullets-icon-wrap{margin-inline-end:25px;}.vcex-bullets.vcex_69e344126a84b{color:var(--wpex-accent);}<\/style><div class=\"vcex-module vcex-bullets vcex-bullets--vertical custom-icon vcex_69e344126a84b\">\n<ul role=\"list\">\n<li><div class=\"vcex-bullets-ci-wrap wpex-inline-flex\"><span class=\"vcex-bullets-icon-wrap vcex-icon-wrap wpex-mr-10\"><span class=\"vcex-bullets-icon vcex-icon wpex-icon\" aria-hidden=\"true\"><svg xmlns=\"http:\/\/www.w3.org\/2000\/svg\" viewbox=\"0 0 384 512\"><path d=\"M0 128C0 92.7 28.7 64 64 64H320c35.3 0 64 28.7 64 64V384c0 35.3-28.7 64-64 64H64c-35.3 0-64-28.7-64-64V128z\"\/><\/svg><\/span><\/span><div class=\"vcex-content wpex-flex-grow\">Les outils actuels de lutte contre les maladies \u00e0 transmission vectorielle ont sauv\u00e9 des millions de vies, mais ne sont pas suffisants pour permettre leur \u00e9limination. La r\u00e9sistance croissante aux insecticides et aux m\u00e9dicaments existants reste une contrainte majeure \u00e0 une lutte efficace. \u00c0 cela s\u2019ajoutent le co\u00fbt et les difficult\u00e9s li\u00e9s \u00e0 la r\u00e9alisation d\u2019interventions r\u00e9p\u00e9t\u00e9es dans des vastes zones rurales, l\u2019expansion des moustiques due aux <a href=\"https:\/\/www.who.int\/teams\/global-malaria-programme\/reports\/world-malaria-report-2023\"><a href=\"https:\/\/www.who.int\/teams\/global-malaria-programme\/reports\/world-malaria-report-2023\">effets du changement climatique,<\/a> ainsi que l\u2019\u00e9mergence et la propagation de nouveaux vecteurs<\/a>.<br \/>\n<div class=\"vcex-spacing wpex-w-100 wpex-clear\" style=\"height:30px;\"><\/div><\/div><\/div><\/li>\n<li><div class=\"vcex-bullets-ci-wrap wpex-inline-flex\"><span class=\"vcex-bullets-icon-wrap vcex-icon-wrap wpex-mr-10\"><span class=\"vcex-bullets-icon vcex-icon wpex-icon\" aria-hidden=\"true\"><svg xmlns=\"http:\/\/www.w3.org\/2000\/svg\" viewbox=\"0 0 384 512\"><path d=\"M0 128C0 92.7 28.7 64 64 64H320c35.3 0 64 28.7 64 64V384c0 35.3-28.7 64-64 64H64c-35.3 0-64-28.7-64-64V128z\"\/><\/svg><\/span><\/span><div class=\"vcex-content wpex-flex-grow\">Des solutions novatrices sont n\u00e9cessaires pour compl\u00e9ter les m\u00e9thodes existantes. Les approches g\u00e9n\u00e9tiques de lutte antivectorielle, comme les moustiques g\u00e9n\u00e9tiquement modifi\u00e9s, sont une voie prometteuse, mais leurs conception et d\u00e9veloppement n\u00e9cessitent des infrastructures et des comp\u00e9tences techniques de pointe.<\/div><\/div><\/li>\n<\/ul>\n<\/div><\/div><\/div><\/div><\/div><div class=\"vc_row wpb_row vc_row-fluid vc_custom_1727461594138 vc_column-gap-35 vc_row-o-content-middle vc_row-flex wpex-vc-full-width-row wpex-vc-full-width-row--centered wpex-relative wpex-vc_row-has-fill no-bottom-margins wpex-cols-right wpex-vc-reset-negative-margin\"><div class=\"wpb_column vc_column_container vc_col-sm-6\"><div class=\"vc_column-inner\"><div class=\"wpb_wrapper\"><style>.vcex-image.vcex_69e344126b4ba .vcex-image-img{border-radius:var(--wpex-radius-blob-3);}<\/style><figure class=\"vcex-image vcex-module wpex-text-center wpb_animate_when_almost_visible wpb_fadeIn fadeIn vcex_69e344126b4ba\"><div class=\"vcex-image-inner wpex-relative wpex-inline-block\"><img width=\"1280\" height=\"960\" src=\"https:\/\/acemeafrica.com\/wp-content\/uploads\/2024\/09\/Our-challenge-section-3-photo.jpg\" class=\"vcex-image-img wpex-align-middle wpex-aspect-4-3 wpex-object-cover\" alt=\"\" loading=\"lazy\" decoding=\"async\" srcset=\"https:\/\/acemeafrica.com\/wp-content\/uploads\/2024\/09\/Our-challenge-section-3-photo.jpg 1280w, https:\/\/acemeafrica.com\/wp-content\/uploads\/2024\/09\/Our-challenge-section-3-photo-300x225.jpg 300w, https:\/\/acemeafrica.com\/wp-content\/uploads\/2024\/09\/Our-challenge-section-3-photo-1024x768.jpg 1024w, https:\/\/acemeafrica.com\/wp-content\/uploads\/2024\/09\/Our-challenge-section-3-photo-768x576.jpg 768w\" sizes=\"auto, (max-width: 1280px) 100vw, 1280px\" \/><\/div><\/figure><\/div><\/div><\/div><div class=\"wpb_column vc_column_container vc_col-sm-6 vc_col-lg-6\"><div class=\"vc_column-inner\"><div class=\"wpb_wrapper\"><style>.vcex-heading.vcex_69e344126ce59{color:var(--wpex-accent);font-size:32px;}@media (max-width:479px){.vcex-heading.vcex_69e344126ce59{font-size:28px;}}<\/style><h2 class=\"vcex-heading vcex-heading-plain vcex-module wpex-heading wpex-text-2xl wpex-h2 wpb_animate_when_almost_visible wpb_fadeIn fadeIn vcex_69e344126ce59\"><span class=\"vcex-heading-inner wpex-inline-block\">L\u2019innovation en Afrique<\/span><\/h2>\n\t<div style=\"color:var(--wpex-accent);\" class=\"wpb_text_column has-custom-color wpex-child-inherit-color wpb_content_element wpb_animate_when_almost_visible wpb_fadeIn fadeIn vc_custom_1727462067116\" >\n\t\t<div class=\"wpb_wrapper\">\n\t\t\t<p>L\u2019Afrique est la r\u00e9gion la plus touch\u00e9e par les maladies \u00e0 transmission vectorielle, mais le manque de capacit\u00e9s techniques et d'infrastructures de recherche ad\u00e9quates sur le continent limitent la capacit\u00e9 \u00e0 d\u00e9velopper des solutions novatrices.<\/p>\n\n\t\t<\/div>\n\t<\/div>\n<style>.vcex-bullets.vcex_69e344126d41e .vcex-bullets-icon{color:var(--wpex-accent);}.vcex-bullets.vcex_69e344126d41e .vcex-bullets-icon-wrap{margin-inline-end:25px;}.vcex-bullets.vcex_69e344126d41e{color:var(--wpex-accent);}<\/style><div class=\"vcex-module vcex-bullets vcex-bullets--vertical custom-icon wpb_animate_when_almost_visible wpb_fadeIn fadeIn vcex_69e344126d41e\">\n<ul role=\"list\">\n<li><div class=\"vcex-bullets-ci-wrap wpex-inline-flex\"><span class=\"vcex-bullets-icon-wrap vcex-icon-wrap wpex-mr-10\"><span class=\"vcex-bullets-icon vcex-icon wpex-icon\" aria-hidden=\"true\"><svg xmlns=\"http:\/\/www.w3.org\/2000\/svg\" viewbox=\"0 0 384 512\"><path d=\"M0 128C0 92.7 28.7 64 64 64H320c35.3 0 64 28.7 64 64V384c0 35.3-28.7 64-64 64H64c-35.3 0-64-28.7-64-64V128z\"\/><\/svg><\/span><\/span><div class=\"vcex-content wpex-flex-grow\">\u00c0 ce jour, la conception et le d\u00e9veloppement d\u2019approches innovantes pour la lutte antivectorielle sont men\u00e9s en grand partie en dehors du continent africain.<br \/>\n<div class=\"vcex-spacing wpex-w-100 wpex-clear\" style=\"height:15px;\"><\/div><\/div><\/div><\/li>\n<li><div class=\"vcex-bullets-ci-wrap wpex-inline-flex\"><span class=\"vcex-bullets-icon-wrap vcex-icon-wrap wpex-mr-10\"><span class=\"vcex-bullets-icon vcex-icon wpex-icon\" aria-hidden=\"true\"><svg xmlns=\"http:\/\/www.w3.org\/2000\/svg\" viewbox=\"0 0 384 512\"><path d=\"M0 128C0 92.7 28.7 64 64 64H320c35.3 0 64 28.7 64 64V384c0 35.3-28.7 64-64 64H64c-35.3 0-64-28.7-64-64V128z\"\/><\/svg><\/span><\/span><div class=\"vcex-content wpex-flex-grow translation-block\">Chaque ann\u00e9e, plus de $600 millions USD sont investis dans la recherche et le d\u00e9veloppement pour de nouveaux outils contre le paludisme, mais les instituts de recherche africains ne per\u00e7oivent directement <a href=\"https:\/\/www.who.int\/observatories\/global-observatory-on-health-research-and-development\/monitoring\/distribution-of-r-d-funding-flows-for-neglected-diseases-by-country-funder-recipient-organization-nov-2021\">qu'environ 1% de ces fonds<\/a>.<\/div><\/div><\/li>\n<\/ul>\n<\/div><\/div><\/div><\/div><\/div>\n<\/div>","protected":false},"excerpt":{"rendered":"Our challenge Vector-borne diseases account for more than 17% of all infectious diseases. Africa shoulders one of the highest burdens of vector-borne diseases globally. They are responsible for over 700,000 deaths a year and 80% of the world\u2019s population is at risk. Malaria alone kills more than 500,000 people in Africa every year. WHO 2023&hellip;","protected":false},"author":1,"featured_media":0,"parent":0,"menu_order":0,"comment_status":"closed","ping_status":"closed","template":"","meta":{"inline_featured_image":false,"footnotes":""},"class_list":["post-196","page","type-page","status-publish","hentry","entry","no-media"],"yoast_head":"<!-- This site is optimized with the Yoast SEO plugin v27.4 - https:\/\/yoast.com\/product\/yoast-seo-wordpress\/ -->\n<title>Our challenge - ACEME<\/title>\n<meta name=\"robots\" content=\"index, follow, max-snippet:-1, max-image-preview:large, max-video-preview:-1\" \/>\n<link rel=\"canonical\" href=\"https:\/\/acemeafrica.com\/fr\/our-challenge\/\" \/>\n<meta property=\"og:locale\" content=\"fr_FR\" \/>\n<meta property=\"og:type\" content=\"article\" \/>\n<meta property=\"og:title\" content=\"Our challenge - ACEME\" \/>\n<meta property=\"og:url\" content=\"https:\/\/acemeafrica.com\/fr\/our-challenge\/\" \/>\n<meta property=\"og:site_name\" content=\"ACEME\" \/>\n<meta property=\"article:modified_time\" content=\"2024-11-21T11:26:26+00:00\" \/>\n<meta name=\"twitter:card\" content=\"summary_large_image\" \/>\n<meta name=\"twitter:label1\" content=\"Dur\u00e9e de lecture est.\" \/>\n\t<meta name=\"twitter:data1\" content=\"4 minutes\" \/>\n<script type=\"application\/ld+json\" class=\"yoast-schema-graph\">{\"@context\":\"https:\\\/\\\/schema.org\",\"@graph\":[{\"@type\":\"WebPage\",\"@id\":\"https:\\\/\\\/acemeafrica.com\\\/our-challenge\\\/\",\"url\":\"https:\\\/\\\/acemeafrica.com\\\/our-challenge\\\/\",\"name\":\"Our challenge - ACEME\",\"isPartOf\":{\"@id\":\"https:\\\/\\\/acemeafrica.com\\\/#website\"},\"datePublished\":\"2024-09-13T17:37:46+00:00\",\"dateModified\":\"2024-11-21T11:26:26+00:00\",\"breadcrumb\":{\"@id\":\"https:\\\/\\\/acemeafrica.com\\\/our-challenge\\\/#breadcrumb\"},\"inLanguage\":\"fr-BE\",\"potentialAction\":[{\"@type\":\"ReadAction\",\"target\":[\"https:\\\/\\\/acemeafrica.com\\\/our-challenge\\\/\"]}]},{\"@type\":\"BreadcrumbList\",\"@id\":\"https:\\\/\\\/acemeafrica.com\\\/our-challenge\\\/#breadcrumb\",\"itemListElement\":[{\"@type\":\"ListItem\",\"position\":1,\"name\":\"Accueil\",\"item\":\"https:\\\/\\\/acemeafrica.com\\\/\"},{\"@type\":\"ListItem\",\"position\":2,\"name\":\"Our challenge\"}]},{\"@type\":\"WebSite\",\"@id\":\"https:\\\/\\\/acemeafrica.com\\\/#website\",\"url\":\"https:\\\/\\\/acemeafrica.com\\\/\",\"name\":\"ACEME\",\"description\":\"African Center for Excellence in Molecular Engineering\",\"publisher\":{\"@id\":\"https:\\\/\\\/acemeafrica.com\\\/#organization\"},\"potentialAction\":[{\"@type\":\"SearchAction\",\"target\":{\"@type\":\"EntryPoint\",\"urlTemplate\":\"https:\\\/\\\/acemeafrica.com\\\/?s={search_term_string}\"},\"query-input\":{\"@type\":\"PropertyValueSpecification\",\"valueRequired\":true,\"valueName\":\"search_term_string\"}}],\"inLanguage\":\"fr-BE\"},{\"@type\":\"Organization\",\"@id\":\"https:\\\/\\\/acemeafrica.com\\\/#organization\",\"name\":\"ACEME\",\"url\":\"https:\\\/\\\/acemeafrica.com\\\/\",\"logo\":{\"@type\":\"ImageObject\",\"inLanguage\":\"fr-BE\",\"@id\":\"https:\\\/\\\/acemeafrica.com\\\/#\\\/schema\\\/logo\\\/image\\\/\",\"url\":\"https:\\\/\\\/acemeafrica.com\\\/wp-content\\\/uploads\\\/2024\\\/09\\\/ACEME-Logo-Final_Colours-Dark-Background.png\",\"contentUrl\":\"https:\\\/\\\/acemeafrica.com\\\/wp-content\\\/uploads\\\/2024\\\/09\\\/ACEME-Logo-Final_Colours-Dark-Background.png\",\"width\":3622,\"height\":1242,\"caption\":\"ACEME\"},\"image\":{\"@id\":\"https:\\\/\\\/acemeafrica.com\\\/#\\\/schema\\\/logo\\\/image\\\/\"}}]}<\/script>\n<!-- \/ Yoast SEO plugin. -->","yoast_head_json":{"title":"Our challenge - ACEME","robots":{"index":"index","follow":"follow","max-snippet":"max-snippet:-1","max-image-preview":"max-image-preview:large","max-video-preview":"max-video-preview:-1"},"canonical":"https:\/\/acemeafrica.com\/fr\/our-challenge\/","og_locale":"fr_FR","og_type":"article","og_title":"Our challenge - ACEME","og_url":"https:\/\/acemeafrica.com\/fr\/our-challenge\/","og_site_name":"ACEME","article_modified_time":"2024-11-21T11:26:26+00:00","twitter_card":"summary_large_image","twitter_misc":{"Dur\u00e9e de lecture est.":"4 minutes"},"schema":{"@context":"https:\/\/schema.org","@graph":[{"@type":"WebPage","@id":"https:\/\/acemeafrica.com\/our-challenge\/","url":"https:\/\/acemeafrica.com\/our-challenge\/","name":"Our challenge - ACEME","isPartOf":{"@id":"https:\/\/acemeafrica.com\/#website"},"datePublished":"2024-09-13T17:37:46+00:00","dateModified":"2024-11-21T11:26:26+00:00","breadcrumb":{"@id":"https:\/\/acemeafrica.com\/our-challenge\/#breadcrumb"},"inLanguage":"fr-BE","potentialAction":[{"@type":"ReadAction","target":["https:\/\/acemeafrica.com\/our-challenge\/"]}]},{"@type":"BreadcrumbList","@id":"https:\/\/acemeafrica.com\/our-challenge\/#breadcrumb","itemListElement":[{"@type":"ListItem","position":1,"name":"Accueil","item":"https:\/\/acemeafrica.com\/"},{"@type":"ListItem","position":2,"name":"Our challenge"}]},{"@type":"WebSite","@id":"https:\/\/acemeafrica.com\/#website","url":"https:\/\/acemeafrica.com\/","name":"l'ACEME","description":"African Center for Excellence in Molecular Engineering","publisher":{"@id":"https:\/\/acemeafrica.com\/#organization"},"potentialAction":[{"@type":"SearchAction","target":{"@type":"EntryPoint","urlTemplate":"https:\/\/acemeafrica.com\/?s={search_term_string}"},"query-input":{"@type":"PropertyValueSpecification","valueRequired":true,"valueName":"search_term_string"}}],"inLanguage":"fr-BE"},{"@type":"Organization","@id":"https:\/\/acemeafrica.com\/#organization","name":"l'ACEME","url":"https:\/\/acemeafrica.com\/","logo":{"@type":"ImageObject","inLanguage":"fr-BE","@id":"https:\/\/acemeafrica.com\/#\/schema\/logo\/image\/","url":"https:\/\/acemeafrica.com\/wp-content\/uploads\/2024\/09\/ACEME-Logo-Final_Colours-Dark-Background.png","contentUrl":"https:\/\/acemeafrica.com\/wp-content\/uploads\/2024\/09\/ACEME-Logo-Final_Colours-Dark-Background.png","width":3622,"height":1242,"caption":"ACEME"},"image":{"@id":"https:\/\/acemeafrica.com\/#\/schema\/logo\/image\/"}}]}},"_links":{"self":[{"href":"https:\/\/acemeafrica.com\/fr\/wp-json\/wp\/v2\/pages\/196","targetHints":{"allow":["GET"]}}],"collection":[{"href":"https:\/\/acemeafrica.com\/fr\/wp-json\/wp\/v2\/pages"}],"about":[{"href":"https:\/\/acemeafrica.com\/fr\/wp-json\/wp\/v2\/types\/page"}],"author":[{"embeddable":true,"href":"https:\/\/acemeafrica.com\/fr\/wp-json\/wp\/v2\/users\/1"}],"replies":[{"embeddable":true,"href":"https:\/\/acemeafrica.com\/fr\/wp-json\/wp\/v2\/comments?post=196"}],"version-history":[{"count":33,"href":"https:\/\/acemeafrica.com\/fr\/wp-json\/wp\/v2\/pages\/196\/revisions"}],"predecessor-version":[{"id":521,"href":"https:\/\/acemeafrica.com\/fr\/wp-json\/wp\/v2\/pages\/196\/revisions\/521"}],"wp:attachment":[{"href":"https:\/\/acemeafrica.com\/fr\/wp-json\/wp\/v2\/media?parent=196"}],"curies":[{"name":"wp","href":"https:\/\/api.w.org\/{rel}","templated":true}]}}