{"id":181,"date":"2024-09-13T15:06:00","date_gmt":"2024-09-13T15:06:00","guid":{"rendered":"https:\/\/acemeafrica.com\/?page_id=181"},"modified":"2025-02-05T16:43:17","modified_gmt":"2025-02-05T16:43:17","slug":"about-us","status":"publish","type":"page","link":"https:\/\/acemeafrica.com\/fr\/about-us\/","title":{"rendered":"\u00c0 propos"},"content":{"rendered":"<div class=\"wpb-content-wrapper\"><div class=\"vc_row wpb_row vc_row-fluid wpb_animate_when_almost_visible wpb_fadeIn fadeIn vc_custom_1727448983542 wpex-vc-full-width-row wpex-vc-full-width-row--centered wpex-relative wpex-vc_row-has-fill bg-fixed-top wpex-vc-bg-fixed wpex-vc-bg-top wpex-vc-reset-negative-margin wpex-has-overlay wpex-has-overlay--69e3566b461d6\"><div class=\"wpex-bg-overlay-wrap wpex-absolute wpex-inset-0 wpex-rounded-inherit\"><style class=\"wpex-bg-overlay-css\">.wpex-has-overlay--69e3566b461d6 > .wpex-bg-overlay-wrap .wpex-bg-overlay{opacity:40%;}<\/style><span class=\"wpex-bg-overlay dark wpex-absolute wpex-inset-0 wpex-rounded-inherit wpex-duration-500 wpex-opacity-60 wpex-bg-black\"><\/span><\/div><div class=\"wpb_column vc_column_container vc_col-sm-12 vc_col-lg-7\"><div class=\"vc_column-inner\"><div class=\"wpb_wrapper\"><div class=\"vcex-spacing wpex-w-100 wpex-clear hide-at-mm-breakpoint\" style=\"height:35vh;\"><\/div><div class=\"vcex-spacing wpex-w-100 wpex-clear show-at-mm-breakpoint\" style=\"height:25vh;\"><\/div><style>.vcex-heading.vcex_69e3566b47eb6{color:var(--wpex-on-accent);text-transform:uppercase;}<\/style><h1 class=\"vcex-heading vcex-heading-plain vcex-module wpex-heading wpex-text-2xl wpex-h1 vc_custom_1727447143456 vcex_69e3566b47eb6\"><span class=\"vcex-heading-inner wpex-inline-block\">\u00c0 propos<\/span><\/h1><style>.vcex_69e3566b48c3c{font-size:18px!important;}@media (max-width:1024px){.vcex_69e3566b48c3c{font-size:18px!important;}}@media (max-width:959px){.vcex_69e3566b48c3c{font-size:18px!important;}}@media (max-width:767px){.vcex_69e3566b48c3c{font-size:16px!important;}}@media (max-width:479px){.vcex_69e3566b48c3c{font-size:16px!important;}}<\/style>\n\t<div style=\"color:#ffffff;line-height:var(--wpex-leading-normal);\" class=\"wpb_text_column vcex_69e3566b48c3c has-custom-color wpex-child-inherit-color wpb_content_element\" >\n\t\t<div class=\"wpb_wrapper\">\n\t\t\t<p>L\u2019Universit\u00e9 des Sciences, des Techniques et des Technologies de Bamako\/ Malaria Research and Training Center (MRTC) travaille \u00e0 mettre en place un Centre africain d'excellence en g\u00e9nie g\u00e9n\u00e9tique. Le Centre soutiendra les efforts mondiaux pour d\u00e9velopper des approches innovantes de lutte antivectorielle, en offrant aux scientifiques africains un cadre pour apprendre et d\u00e9velopper des comp\u00e9tences avanc\u00e9es en g\u00e9nie g\u00e9n\u00e9tique, y compris celles li\u00e9es \u00e0 l'ing\u00e9nierie des moustiques g\u00e9n\u00e9tiquement modifi\u00e9s.<\/p>\n\n\t\t<\/div>\n\t<\/div>\n<div class=\"vcex-spacing wpex-w-100 wpex-clear show-at-mm-breakpoint\" style=\"height:10vh;\"><\/div><div class=\"vcex-spacing wpex-w-100 wpex-clear hide-at-mm-breakpoint\" style=\"height:15vh;\"><\/div><\/div><\/div><\/div><\/div><div class=\"vc_row wpb_row vc_row-fluid vc_custom_1727427968082 wpex-vc-full-width-row wpex-vc-full-width-row--centered wpex-relative wpex-vc_row-has-fill wpex-vc-reset-negative-margin\"><div class=\"wpb_column vc_column_container vc_col-sm-12\"><div class=\"vc_column-inner\"><div class=\"wpb_wrapper\"><style>.vcex-heading.vcex_69e3566b49a91{color:var(--wpex-on-accent);font-size:32px;}@media (max-width:479px){.vcex-heading.vcex_69e3566b49a91{font-size:28px;}}<\/style><h2 class=\"vcex-heading vcex-heading-plain vcex-module wpex-heading wpex-text-2xl wpex-h2 wpex-text-center wpb_animate_when_almost_visible wpb_fadeIn fadeIn vcex_69e3566b49a91\"><span class=\"vcex-heading-inner wpex-inline-block\">Nos objectifs<\/span><\/h2><div class=\"vcex-spacing wpex-w-100 wpex-clear hide-at-mm-breakpoint\" style=\"height:10px;\"><\/div><div class=\"vc_row wpb_row vc_inner vc_row-fluid vc_column-gap-35 wpex-relative\"><div class=\"wpb_column vc_column_container vc_col-sm-4\"><div class=\"vc_column-inner\"><div class=\"wpb_wrapper\"><style>.vcex-bullets.vcex_69e3566b4a392 .vcex-bullets-icon{color:var(--wpex-on-accent);}.vcex-bullets.vcex_69e3566b4a392 .vcex-bullets-icon-wrap{margin-inline-end:25px;}.vcex-bullets.vcex_69e3566b4a392{color:#ffffff;}<\/style><div class=\"vcex-module vcex-bullets vcex-bullets--vertical custom-icon vcex_69e3566b4a392\">\n<ul role=\"list\">\n<li><div class=\"vcex-bullets-ci-wrap wpex-inline-flex\"><span class=\"vcex-bullets-icon-wrap vcex-icon-wrap wpex-mr-10\"><span class=\"vcex-bullets-icon vcex-icon wpex-icon\" aria-hidden=\"true\"><svg xmlns=\"http:\/\/www.w3.org\/2000\/svg\" viewbox=\"0 0 384 512\"><path d=\"M0 128C0 92.7 28.7 64 64 64H320c35.3 0 64 28.7 64 64V384c0 35.3-28.7 64-64 64H64c-35.3 0-64-28.7-64-64V128z\"\/><\/svg><\/span><\/span><div class=\"vcex-content wpex-flex-grow translation-block\"><span style=\"color: #ffd377\">Mettre en place une \u00e9quipe technique de haut niveau<\/span> capable de d\u00e9velopper des outils g\u00e9n\u00e9tiques de lutte antivectorielle en Afrique.<\/div><\/div><\/li>\n<\/ul>\n<\/div><\/div><\/div><\/div><div class=\"wpb_column vc_column_container vc_col-sm-4\"><div class=\"vc_column-inner\"><div class=\"wpb_wrapper\"><style>.vcex-bullets.vcex_69e3566b4abc3 .vcex-bullets-icon{color:var(--wpex-on-accent);}.vcex-bullets.vcex_69e3566b4abc3 .vcex-bullets-icon-wrap{margin-inline-end:25px;}.vcex-bullets.vcex_69e3566b4abc3{color:#ffffff;}<\/style><div class=\"vcex-module vcex-bullets vcex-bullets--vertical custom-icon vcex_69e3566b4abc3\">\n<ul role=\"list\">\n<li><div class=\"vcex-bullets-ci-wrap wpex-inline-flex\"><span class=\"vcex-bullets-icon-wrap vcex-icon-wrap wpex-mr-10\"><span class=\"vcex-bullets-icon vcex-icon wpex-icon\" aria-hidden=\"true\"><svg xmlns=\"http:\/\/www.w3.org\/2000\/svg\" viewbox=\"0 0 384 512\"><path d=\"M0 128C0 92.7 28.7 64 64 64H320c35.3 0 64 28.7 64 64V384c0 35.3-28.7 64-64 64H64c-35.3 0-64-28.7-64-64V128z\"\/><\/svg><\/span><\/span><div class=\"vcex-content wpex-flex-grow translation-block\"><span style=\"color: #ffd377\">D\u00e9velopper une expertise technique en Afrique<\/span> visant \u00e0 renforcer les capacit\u00e9s de recherche en g\u00e9nie g\u00e9n\u00e9tique et \u00e0 assurer la conformit\u00e9 r\u00e9glementaire.<\/div><\/div><\/li>\n<\/ul>\n<\/div><\/div><\/div><\/div><div class=\"wpb_column vc_column_container vc_col-sm-4\"><div class=\"vc_column-inner\"><div class=\"wpb_wrapper\"><style>.vcex-bullets.vcex_69e3566b4b0b4 .vcex-bullets-icon{color:var(--wpex-on-accent);}.vcex-bullets.vcex_69e3566b4b0b4 .vcex-bullets-icon-wrap{margin-inline-end:25px;}.vcex-bullets.vcex_69e3566b4b0b4{color:#ffffff;}<\/style><div class=\"vcex-module vcex-bullets vcex-bullets--vertical custom-icon vcex_69e3566b4b0b4\">\n<ul role=\"list\">\n<li><div class=\"vcex-bullets-ci-wrap wpex-inline-flex\"><span class=\"vcex-bullets-icon-wrap vcex-icon-wrap wpex-mr-10\"><span class=\"vcex-bullets-icon vcex-icon wpex-icon\" aria-hidden=\"true\"><svg xmlns=\"http:\/\/www.w3.org\/2000\/svg\" viewbox=\"0 0 384 512\"><path d=\"M0 128C0 92.7 28.7 64 64 64H320c35.3 0 64 28.7 64 64V384c0 35.3-28.7 64-64 64H64c-35.3 0-64-28.7-64-64V128z\"\/><\/svg><\/span><\/span><div class=\"vcex-content wpex-flex-grow translation-block\"><span style=\"color: #ffd377\">Placer les scientifiques africains au coeur<\/span> de la lutte contre les maladies vectorielles qui touchent si durement notre continent.<\/div><\/div><\/li>\n<\/ul>\n<\/div><\/div><\/div><\/div><\/div><\/div><\/div><\/div><\/div><div class=\"vc_row wpb_row vc_row-fluid vc_custom_1727427696650 vc_column-gap-35 vc_row-o-content-middle vc_row-flex wpex-vc-full-width-row wpex-vc-full-width-row--centered wpex-relative wpex-vc_row-has-fill no-bottom-margins wpex-cols-right wpex-vc-reset-negative-margin\"><div class=\"wpb_column vc_column_container vc_col-sm-7\"><div class=\"vc_column-inner\"><div class=\"wpb_wrapper\"><figure class=\"vcex-image vcex-module wpex-text-center wpb_animate_when_almost_visible wpb_fadeIn fadeIn\"><div class=\"vcex-image-inner wpex-relative wpex-inline-block\"><img width=\"1200\" height=\"750\" src=\"https:\/\/acemeafrica.com\/wp-content\/uploads\/2024\/09\/Asset-5.png\" class=\"vcex-image-img wpex-align-middle\" alt=\"\" loading=\"lazy\" decoding=\"async\" srcset=\"https:\/\/acemeafrica.com\/wp-content\/uploads\/2024\/09\/Asset-5.png 1200w, https:\/\/acemeafrica.com\/wp-content\/uploads\/2024\/09\/Asset-5-300x188.png 300w, https:\/\/acemeafrica.com\/wp-content\/uploads\/2024\/09\/Asset-5-1024x640.png 1024w, https:\/\/acemeafrica.com\/wp-content\/uploads\/2024\/09\/Asset-5-768x480.png 768w\" sizes=\"auto, (max-width: 1200px) 100vw, 1200px\" \/><\/div><\/figure><\/div><\/div><\/div><div class=\"wpb_column vc_column_container vc_col-sm-5\"><div class=\"vc_column-inner\"><div class=\"wpb_wrapper\"><style>.vcex-heading.vcex_69e3566b4d41c{color:var(--wpex-accent);font-size:32px;}@media (max-width:479px){.vcex-heading.vcex_69e3566b4d41c{font-size:28px;}}<\/style><h2 class=\"vcex-heading vcex-heading-plain vcex-module wpex-heading wpex-text-2xl wpex-h2 wpb_animate_when_almost_visible wpb_fadeIn fadeIn vcex_69e3566b4d41c\"><span class=\"vcex-heading-inner wpex-inline-block\">Notre \u00e9quipe<\/span><\/h2>\n\t<div style=\"color:var(--wpex-accent);\" class=\"wpb_text_column has-custom-color wpex-child-inherit-color wpb_content_element wpb_animate_when_almost_visible wpb_fadeIn fadeIn\" >\n\t\t<div class=\"wpb_wrapper\">\n\t\t\t<p>Nous sommes une \u00e9quipe pluridisciplinaire de chercheurs maliens compos\u00e9e de sp\u00e9cialistes en entomologie, bio-informatique, \u00e9pid\u00e9miologie, \u00e9cologie-environnement, r\u00e9glementation, engagement des parties prenantes et communication.<\/p>\n<p>Nous d\u00e9fendons les valeurs de l\u2019Excellence, de l\u2019Innovation et de la Transparence. ACEME re\u00e7oit son financement principal de la Fondation Gates.<\/p>\n\n\t\t<\/div>\n\t<\/div>\n<\/div><\/div><\/div><\/div>\n<\/div>","protected":false},"excerpt":{"rendered":"About us The University of Sciences, Techniques, and Technologies of Bamako\/Malaria Research and Training Center (MRTC) is working to set up an African Center for Excellence in Molecular Engineering. The Center will support global efforts to develop innovative approaches for vector control, by providing a setting for African scientists to learn and develop advanced skills&hellip;","protected":false},"author":1,"featured_media":0,"parent":0,"menu_order":0,"comment_status":"closed","ping_status":"closed","template":"","meta":{"inline_featured_image":false,"footnotes":""},"class_list":["post-181","page","type-page","status-publish","hentry","entry","no-media"],"yoast_head":"<!-- This site is optimized with the Yoast SEO plugin v27.4 - https:\/\/yoast.com\/product\/yoast-seo-wordpress\/ -->\n<title>About us - ACEME<\/title>\n<meta name=\"robots\" content=\"index, follow, max-snippet:-1, max-image-preview:large, max-video-preview:-1\" \/>\n<link rel=\"canonical\" href=\"https:\/\/acemeafrica.com\/fr\/about-us\/\" \/>\n<meta property=\"og:locale\" content=\"fr_FR\" \/>\n<meta property=\"og:type\" content=\"article\" \/>\n<meta property=\"og:title\" content=\"About us - ACEME\" \/>\n<meta property=\"og:url\" content=\"https:\/\/acemeafrica.com\/fr\/about-us\/\" \/>\n<meta property=\"og:site_name\" content=\"ACEME\" \/>\n<meta property=\"article:modified_time\" content=\"2025-02-05T16:43:17+00:00\" \/>\n<meta name=\"twitter:card\" content=\"summary_large_image\" \/>\n<meta name=\"twitter:label1\" content=\"Dur\u00e9e de lecture est.\" \/>\n\t<meta name=\"twitter:data1\" content=\"2 minutes\" \/>\n<script type=\"application\/ld+json\" class=\"yoast-schema-graph\">{\"@context\":\"https:\\\/\\\/schema.org\",\"@graph\":[{\"@type\":\"WebPage\",\"@id\":\"https:\\\/\\\/acemeafrica.com\\\/about-us\\\/\",\"url\":\"https:\\\/\\\/acemeafrica.com\\\/about-us\\\/\",\"name\":\"About us - ACEME\",\"isPartOf\":{\"@id\":\"https:\\\/\\\/acemeafrica.com\\\/#website\"},\"datePublished\":\"2024-09-13T15:06:00+00:00\",\"dateModified\":\"2025-02-05T16:43:17+00:00\",\"breadcrumb\":{\"@id\":\"https:\\\/\\\/acemeafrica.com\\\/about-us\\\/#breadcrumb\"},\"inLanguage\":\"fr-BE\",\"potentialAction\":[{\"@type\":\"ReadAction\",\"target\":[\"https:\\\/\\\/acemeafrica.com\\\/about-us\\\/\"]}]},{\"@type\":\"BreadcrumbList\",\"@id\":\"https:\\\/\\\/acemeafrica.com\\\/about-us\\\/#breadcrumb\",\"itemListElement\":[{\"@type\":\"ListItem\",\"position\":1,\"name\":\"Accueil\",\"item\":\"https:\\\/\\\/acemeafrica.com\\\/\"},{\"@type\":\"ListItem\",\"position\":2,\"name\":\"About us\"}]},{\"@type\":\"WebSite\",\"@id\":\"https:\\\/\\\/acemeafrica.com\\\/#website\",\"url\":\"https:\\\/\\\/acemeafrica.com\\\/\",\"name\":\"ACEME\",\"description\":\"African Center for Excellence in Molecular Engineering\",\"publisher\":{\"@id\":\"https:\\\/\\\/acemeafrica.com\\\/#organization\"},\"potentialAction\":[{\"@type\":\"SearchAction\",\"target\":{\"@type\":\"EntryPoint\",\"urlTemplate\":\"https:\\\/\\\/acemeafrica.com\\\/?s={search_term_string}\"},\"query-input\":{\"@type\":\"PropertyValueSpecification\",\"valueRequired\":true,\"valueName\":\"search_term_string\"}}],\"inLanguage\":\"fr-BE\"},{\"@type\":\"Organization\",\"@id\":\"https:\\\/\\\/acemeafrica.com\\\/#organization\",\"name\":\"ACEME\",\"url\":\"https:\\\/\\\/acemeafrica.com\\\/\",\"logo\":{\"@type\":\"ImageObject\",\"inLanguage\":\"fr-BE\",\"@id\":\"https:\\\/\\\/acemeafrica.com\\\/#\\\/schema\\\/logo\\\/image\\\/\",\"url\":\"https:\\\/\\\/acemeafrica.com\\\/wp-content\\\/uploads\\\/2024\\\/09\\\/ACEME-Logo-Final_Colours-Dark-Background.png\",\"contentUrl\":\"https:\\\/\\\/acemeafrica.com\\\/wp-content\\\/uploads\\\/2024\\\/09\\\/ACEME-Logo-Final_Colours-Dark-Background.png\",\"width\":3622,\"height\":1242,\"caption\":\"ACEME\"},\"image\":{\"@id\":\"https:\\\/\\\/acemeafrica.com\\\/#\\\/schema\\\/logo\\\/image\\\/\"}}]}<\/script>\n<!-- \/ Yoast SEO plugin. -->","yoast_head_json":{"title":"About us - ACEME","robots":{"index":"index","follow":"follow","max-snippet":"max-snippet:-1","max-image-preview":"max-image-preview:large","max-video-preview":"max-video-preview:-1"},"canonical":"https:\/\/acemeafrica.com\/fr\/about-us\/","og_locale":"fr_FR","og_type":"article","og_title":"About us - ACEME","og_url":"https:\/\/acemeafrica.com\/fr\/about-us\/","og_site_name":"ACEME","article_modified_time":"2025-02-05T16:43:17+00:00","twitter_card":"summary_large_image","twitter_misc":{"Dur\u00e9e de lecture est.":"2 minutes"},"schema":{"@context":"https:\/\/schema.org","@graph":[{"@type":"WebPage","@id":"https:\/\/acemeafrica.com\/about-us\/","url":"https:\/\/acemeafrica.com\/about-us\/","name":"About us - ACEME","isPartOf":{"@id":"https:\/\/acemeafrica.com\/#website"},"datePublished":"2024-09-13T15:06:00+00:00","dateModified":"2025-02-05T16:43:17+00:00","breadcrumb":{"@id":"https:\/\/acemeafrica.com\/about-us\/#breadcrumb"},"inLanguage":"fr-BE","potentialAction":[{"@type":"ReadAction","target":["https:\/\/acemeafrica.com\/about-us\/"]}]},{"@type":"BreadcrumbList","@id":"https:\/\/acemeafrica.com\/about-us\/#breadcrumb","itemListElement":[{"@type":"ListItem","position":1,"name":"Accueil","item":"https:\/\/acemeafrica.com\/"},{"@type":"ListItem","position":2,"name":"About us"}]},{"@type":"WebSite","@id":"https:\/\/acemeafrica.com\/#website","url":"https:\/\/acemeafrica.com\/","name":"l'ACEME","description":"African Center for Excellence in Molecular Engineering","publisher":{"@id":"https:\/\/acemeafrica.com\/#organization"},"potentialAction":[{"@type":"SearchAction","target":{"@type":"EntryPoint","urlTemplate":"https:\/\/acemeafrica.com\/?s={search_term_string}"},"query-input":{"@type":"PropertyValueSpecification","valueRequired":true,"valueName":"search_term_string"}}],"inLanguage":"fr-BE"},{"@type":"Organization","@id":"https:\/\/acemeafrica.com\/#organization","name":"l'ACEME","url":"https:\/\/acemeafrica.com\/","logo":{"@type":"ImageObject","inLanguage":"fr-BE","@id":"https:\/\/acemeafrica.com\/#\/schema\/logo\/image\/","url":"https:\/\/acemeafrica.com\/wp-content\/uploads\/2024\/09\/ACEME-Logo-Final_Colours-Dark-Background.png","contentUrl":"https:\/\/acemeafrica.com\/wp-content\/uploads\/2024\/09\/ACEME-Logo-Final_Colours-Dark-Background.png","width":3622,"height":1242,"caption":"ACEME"},"image":{"@id":"https:\/\/acemeafrica.com\/#\/schema\/logo\/image\/"}}]}},"_links":{"self":[{"href":"https:\/\/acemeafrica.com\/fr\/wp-json\/wp\/v2\/pages\/181","targetHints":{"allow":["GET"]}}],"collection":[{"href":"https:\/\/acemeafrica.com\/fr\/wp-json\/wp\/v2\/pages"}],"about":[{"href":"https:\/\/acemeafrica.com\/fr\/wp-json\/wp\/v2\/types\/page"}],"author":[{"embeddable":true,"href":"https:\/\/acemeafrica.com\/fr\/wp-json\/wp\/v2\/users\/1"}],"replies":[{"embeddable":true,"href":"https:\/\/acemeafrica.com\/fr\/wp-json\/wp\/v2\/comments?post=181"}],"version-history":[{"count":34,"href":"https:\/\/acemeafrica.com\/fr\/wp-json\/wp\/v2\/pages\/181\/revisions"}],"predecessor-version":[{"id":585,"href":"https:\/\/acemeafrica.com\/fr\/wp-json\/wp\/v2\/pages\/181\/revisions\/585"}],"wp:attachment":[{"href":"https:\/\/acemeafrica.com\/fr\/wp-json\/wp\/v2\/media?parent=181"}],"curies":[{"name":"wp","href":"https:\/\/api.w.org\/{rel}","templated":true}]}}